{"id":243,"date":"2022-11-10T19:17:03","date_gmt":"2022-11-10T18:17:03","guid":{"rendered":"https:\/\/asmdcyclisme.fr\/?page_id=243"},"modified":"2023-07-15T11:12:04","modified_gmt":"2023-07-15T09:12:04","slug":"cyclosport","status":"publish","type":"page","link":"https:\/\/asmdcyclisme.fr\/index.php\/cyclosport\/","title":{"rendered":"Cyclosport"},"content":{"rendered":"\r\n<p>Nous participons r\u00e9guli\u00e8rement a des cyclosportives Li\u00e8ge Bastogne Li\u00e8ge, \u00e9tape du tour etc &#8230;<\/p>\r\n\r\n\r\n\r\n<figure class=\"wp-block-gallery has-nested-images columns-default is-cropped wp-block-gallery-1 is-layout-flex wp-block-gallery-is-layout-flex\">\r\n<figure><img decoding=\"async\" data-id=\"264\" class=\"wp-image-676 size-large alignleft lazyload\" data-src=\"https:\/\/asmdcyclisme.fr\/wp-content\/uploads\/2023\/07\/9453_20230603_070702_286749141_original-1024x682.jpg\" alt=\"\" width=\"525\" height=\"350\" data-srcset=\"https:\/\/asmdcyclisme.fr\/wp-content\/uploads\/2023\/07\/9453_20230603_070702_286749141_original-1024x682.jpg 1024w, https:\/\/asmdcyclisme.fr\/wp-content\/uploads\/2023\/07\/9453_20230603_070702_286749141_original-300x200.jpg 300w, https:\/\/asmdcyclisme.fr\/wp-content\/uploads\/2023\/07\/9453_20230603_070702_286749141_original-768x512.jpg 768w, https:\/\/asmdcyclisme.fr\/wp-content\/uploads\/2023\/07\/9453_20230603_070702_286749141_original-1536x1024.jpg 1536w, https:\/\/asmdcyclisme.fr\/wp-content\/uploads\/2023\/07\/9453_20230603_070702_286749141_original-2048x1365.jpg 2048w\" data-sizes=\"(max-width: 525px) 100vw, 525px\" src=\"data:image\/svg+xml;base64,PHN2ZyB3aWR0aD0iMSIgaGVpZ2h0PSIxIiB4bWxucz0iaHR0cDovL3d3dy53My5vcmcvMjAwMC9zdmciPjwvc3ZnPg==\" style=\"--smush-placeholder-width: 525px; --smush-placeholder-aspect-ratio: 525\/350;\" \/><\/figure>\r\n<figure class=\"wp-block-image size-large\"><img decoding=\"async\" class=\"wp-image-264 alignleft lazyload\" data-src=\"https:\/\/asmdcyclisme.fr\/wp-content\/uploads\/2022\/11\/JeanLiegeBastogne.jpg\" alt=\"\" width=\"600\" height=\"711\" data-srcset=\"https:\/\/asmdcyclisme.fr\/wp-content\/uploads\/2022\/11\/JeanLiegeBastogne.jpg 600w, https:\/\/asmdcyclisme.fr\/wp-content\/uploads\/2022\/11\/JeanLiegeBastogne-253x300.jpg 253w\" data-sizes=\"(max-width: 600px) 100vw, 600px\" src=\"data:image\/svg+xml;base64,PHN2ZyB3aWR0aD0iMSIgaGVpZ2h0PSIxIiB4bWxucz0iaHR0cDovL3d3dy53My5vcmcvMjAwMC9zdmciPjwvc3ZnPg==\" style=\"--smush-placeholder-width: 600px; --smush-placeholder-aspect-ratio: 600\/711;\" \/><\/figure>\r\n<\/figure>\r\n\r\n\r\n<ul class=\"wp-block-latest-posts__list wp-block-latest-posts\"><li><a class=\"wp-block-latest-posts__post-title\" href=\"https:\/\/asmdcyclisme.fr\/index.php\/2025\/07\/20\/etape-du-tour-2025\/\">Etape du tour 2025<\/a><\/li>\n<li><a class=\"wp-block-latest-posts__post-title\" href=\"https:\/\/asmdcyclisme.fr\/index.php\/2023\/09\/10\/thonon-trieste\/\">Thonon Trieste<\/a><\/li>\n<li><a class=\"wp-block-latest-posts__post-title\" href=\"https:\/\/asmdcyclisme.fr\/index.php\/2023\/07\/09\/etape-du-tour-2023\/\">Etape du tour 2023<\/a><\/li>\n<li><a class=\"wp-block-latest-posts__post-title\" href=\"https:\/\/asmdcyclisme.fr\/index.php\/2023\/03\/24\/bruno-sur-letape-finale-du-paris-nice\/\">Bruno sur l&rsquo;\u00e9tape finale du Paris Nice<\/a><\/li>\n<li><a class=\"wp-block-latest-posts__post-title\" href=\"https:\/\/asmdcyclisme.fr\/index.php\/2023\/03\/05\/parcours-cyclo-paris-nice\/\">Parcours Cyclo Paris-Nice<\/a><\/li>\n<\/ul>","protected":false},"excerpt":{"rendered":"<p>Nous participons r\u00e9guli\u00e8rement a des cyclosportives Li\u00e8ge Bastogne Li\u00e8ge, \u00e9tape du tour etc &#8230;<\/p>\n","protected":false},"author":1,"featured_media":0,"parent":0,"menu_order":0,"comment_status":"closed","ping_status":"closed","template":"","meta":{"footnotes":""},"class_list":["post-243","page","type-page","status-publish","hentry"],"yoast_head":"<!-- This site is optimized with the Yoast SEO plugin v27.3 - https:\/\/yoast.com\/product\/yoast-seo-wordpress\/ -->\n<title>Cyclosport - ASMD Cyclisme<\/title>\n<meta name=\"robots\" content=\"index, follow, max-snippet:-1, max-image-preview:large, max-video-preview:-1\" \/>\n<link rel=\"canonical\" href=\"https:\/\/asmdcyclisme.fr\/index.php\/cyclosport\/\" \/>\n<meta property=\"og:locale\" content=\"fr_FR\" \/>\n<meta property=\"og:type\" content=\"article\" \/>\n<meta property=\"og:title\" content=\"Cyclosport - ASMD Cyclisme\" \/>\n<meta property=\"og:description\" content=\"Nous participons r\u00e9guli\u00e8rement a des cyclosportives Li\u00e8ge Bastogne Li\u00e8ge, \u00e9tape du tour etc &#8230;\" \/>\n<meta property=\"og:url\" content=\"https:\/\/asmdcyclisme.fr\/index.php\/cyclosport\/\" \/>\n<meta property=\"og:site_name\" content=\"ASMD Cyclisme\" \/>\n<meta property=\"article:publisher\" content=\"https:\/\/www.facebook.com\/ASMESNILSTDENIS\" \/>\n<meta property=\"article:modified_time\" content=\"2023-07-15T09:12:04+00:00\" \/>\n<meta property=\"og:image\" content=\"https:\/\/asmdcyclisme.fr\/wp-content\/uploads\/2023\/07\/9453_20230603_070702_286749141_original-1024x682.jpg\" \/>\n<meta name=\"twitter:card\" content=\"summary_large_image\" \/>\n<script type=\"application\/ld+json\" class=\"yoast-schema-graph\">{\"@context\":\"https:\\\/\\\/schema.org\",\"@graph\":[{\"@type\":\"WebPage\",\"@id\":\"https:\\\/\\\/asmdcyclisme.fr\\\/index.php\\\/cyclosport\\\/\",\"url\":\"https:\\\/\\\/asmdcyclisme.fr\\\/index.php\\\/cyclosport\\\/\",\"name\":\"Cyclosport - ASMD Cyclisme\",\"isPartOf\":{\"@id\":\"https:\\\/\\\/asmdcyclisme.fr\\\/#website\"},\"primaryImageOfPage\":{\"@id\":\"https:\\\/\\\/asmdcyclisme.fr\\\/index.php\\\/cyclosport\\\/#primaryimage\"},\"image\":{\"@id\":\"https:\\\/\\\/asmdcyclisme.fr\\\/index.php\\\/cyclosport\\\/#primaryimage\"},\"thumbnailUrl\":\"https:\\\/\\\/asmdcyclisme.fr\\\/wp-content\\\/uploads\\\/2023\\\/07\\\/9453_20230603_070702_286749141_original-1024x682.jpg\",\"datePublished\":\"2022-11-10T18:17:03+00:00\",\"dateModified\":\"2023-07-15T09:12:04+00:00\",\"breadcrumb\":{\"@id\":\"https:\\\/\\\/asmdcyclisme.fr\\\/index.php\\\/cyclosport\\\/#breadcrumb\"},\"inLanguage\":\"fr-FR\",\"potentialAction\":[{\"@type\":\"ReadAction\",\"target\":[\"https:\\\/\\\/asmdcyclisme.fr\\\/index.php\\\/cyclosport\\\/\"]}]},{\"@type\":\"ImageObject\",\"inLanguage\":\"fr-FR\",\"@id\":\"https:\\\/\\\/asmdcyclisme.fr\\\/index.php\\\/cyclosport\\\/#primaryimage\",\"url\":\"https:\\\/\\\/asmdcyclisme.fr\\\/wp-content\\\/uploads\\\/2023\\\/07\\\/9453_20230603_070702_286749141_original-scaled.jpg\",\"contentUrl\":\"https:\\\/\\\/asmdcyclisme.fr\\\/wp-content\\\/uploads\\\/2023\\\/07\\\/9453_20230603_070702_286749141_original-scaled.jpg\",\"width\":2560,\"height\":1706},{\"@type\":\"BreadcrumbList\",\"@id\":\"https:\\\/\\\/asmdcyclisme.fr\\\/index.php\\\/cyclosport\\\/#breadcrumb\",\"itemListElement\":[{\"@type\":\"ListItem\",\"position\":1,\"name\":\"Accueil\",\"item\":\"https:\\\/\\\/asmdcyclisme.fr\\\/\"},{\"@type\":\"ListItem\",\"position\":2,\"name\":\"Cyclosport\"}]},{\"@type\":\"WebSite\",\"@id\":\"https:\\\/\\\/asmdcyclisme.fr\\\/#website\",\"url\":\"https:\\\/\\\/asmdcyclisme.fr\\\/\",\"name\":\"ASMD Cyclisme\",\"description\":\"Le club de cyclisme du Mesnil Saint Denis\",\"publisher\":{\"@id\":\"https:\\\/\\\/asmdcyclisme.fr\\\/#organization\"},\"potentialAction\":[{\"@type\":\"SearchAction\",\"target\":{\"@type\":\"EntryPoint\",\"urlTemplate\":\"https:\\\/\\\/asmdcyclisme.fr\\\/?s={search_term_string}\"},\"query-input\":{\"@type\":\"PropertyValueSpecification\",\"valueRequired\":true,\"valueName\":\"search_term_string\"}}],\"inLanguage\":\"fr-FR\"},{\"@type\":\"Organization\",\"@id\":\"https:\\\/\\\/asmdcyclisme.fr\\\/#organization\",\"name\":\"ASMD Cyclisme\",\"url\":\"https:\\\/\\\/asmdcyclisme.fr\\\/\",\"logo\":{\"@type\":\"ImageObject\",\"inLanguage\":\"fr-FR\",\"@id\":\"https:\\\/\\\/asmdcyclisme.fr\\\/#\\\/schema\\\/logo\\\/image\\\/\",\"url\":\"https:\\\/\\\/asmdcyclisme.fr\\\/wp-content\\\/uploads\\\/2022\\\/11\\\/cropped-logoAsmdMsd-scaled-1.jpg\",\"contentUrl\":\"https:\\\/\\\/asmdcyclisme.fr\\\/wp-content\\\/uploads\\\/2022\\\/11\\\/cropped-logoAsmdMsd-scaled-1.jpg\",\"width\":711,\"height\":250,\"caption\":\"ASMD Cyclisme\"},\"image\":{\"@id\":\"https:\\\/\\\/asmdcyclisme.fr\\\/#\\\/schema\\\/logo\\\/image\\\/\"},\"sameAs\":[\"https:\\\/\\\/www.facebook.com\\\/ASMESNILSTDENIS\"]}]}<\/script>\n<!-- \/ Yoast SEO plugin. -->","yoast_head_json":{"title":"Cyclosport - ASMD Cyclisme","robots":{"index":"index","follow":"follow","max-snippet":"max-snippet:-1","max-image-preview":"max-image-preview:large","max-video-preview":"max-video-preview:-1"},"canonical":"https:\/\/asmdcyclisme.fr\/index.php\/cyclosport\/","og_locale":"fr_FR","og_type":"article","og_title":"Cyclosport - ASMD Cyclisme","og_description":"Nous participons r\u00e9guli\u00e8rement a des cyclosportives Li\u00e8ge Bastogne Li\u00e8ge, \u00e9tape du tour etc &#8230;","og_url":"https:\/\/asmdcyclisme.fr\/index.php\/cyclosport\/","og_site_name":"ASMD Cyclisme","article_publisher":"https:\/\/www.facebook.com\/ASMESNILSTDENIS","article_modified_time":"2023-07-15T09:12:04+00:00","og_image":[{"url":"https:\/\/asmdcyclisme.fr\/wp-content\/uploads\/2023\/07\/9453_20230603_070702_286749141_original-1024x682.jpg","type":"","width":"","height":""}],"twitter_card":"summary_large_image","schema":{"@context":"https:\/\/schema.org","@graph":[{"@type":"WebPage","@id":"https:\/\/asmdcyclisme.fr\/index.php\/cyclosport\/","url":"https:\/\/asmdcyclisme.fr\/index.php\/cyclosport\/","name":"Cyclosport - ASMD Cyclisme","isPartOf":{"@id":"https:\/\/asmdcyclisme.fr\/#website"},"primaryImageOfPage":{"@id":"https:\/\/asmdcyclisme.fr\/index.php\/cyclosport\/#primaryimage"},"image":{"@id":"https:\/\/asmdcyclisme.fr\/index.php\/cyclosport\/#primaryimage"},"thumbnailUrl":"https:\/\/asmdcyclisme.fr\/wp-content\/uploads\/2023\/07\/9453_20230603_070702_286749141_original-1024x682.jpg","datePublished":"2022-11-10T18:17:03+00:00","dateModified":"2023-07-15T09:12:04+00:00","breadcrumb":{"@id":"https:\/\/asmdcyclisme.fr\/index.php\/cyclosport\/#breadcrumb"},"inLanguage":"fr-FR","potentialAction":[{"@type":"ReadAction","target":["https:\/\/asmdcyclisme.fr\/index.php\/cyclosport\/"]}]},{"@type":"ImageObject","inLanguage":"fr-FR","@id":"https:\/\/asmdcyclisme.fr\/index.php\/cyclosport\/#primaryimage","url":"https:\/\/asmdcyclisme.fr\/wp-content\/uploads\/2023\/07\/9453_20230603_070702_286749141_original-scaled.jpg","contentUrl":"https:\/\/asmdcyclisme.fr\/wp-content\/uploads\/2023\/07\/9453_20230603_070702_286749141_original-scaled.jpg","width":2560,"height":1706},{"@type":"BreadcrumbList","@id":"https:\/\/asmdcyclisme.fr\/index.php\/cyclosport\/#breadcrumb","itemListElement":[{"@type":"ListItem","position":1,"name":"Accueil","item":"https:\/\/asmdcyclisme.fr\/"},{"@type":"ListItem","position":2,"name":"Cyclosport"}]},{"@type":"WebSite","@id":"https:\/\/asmdcyclisme.fr\/#website","url":"https:\/\/asmdcyclisme.fr\/","name":"ASMD Cyclisme","description":"Le club de cyclisme du Mesnil Saint Denis","publisher":{"@id":"https:\/\/asmdcyclisme.fr\/#organization"},"potentialAction":[{"@type":"SearchAction","target":{"@type":"EntryPoint","urlTemplate":"https:\/\/asmdcyclisme.fr\/?s={search_term_string}"},"query-input":{"@type":"PropertyValueSpecification","valueRequired":true,"valueName":"search_term_string"}}],"inLanguage":"fr-FR"},{"@type":"Organization","@id":"https:\/\/asmdcyclisme.fr\/#organization","name":"ASMD Cyclisme","url":"https:\/\/asmdcyclisme.fr\/","logo":{"@type":"ImageObject","inLanguage":"fr-FR","@id":"https:\/\/asmdcyclisme.fr\/#\/schema\/logo\/image\/","url":"https:\/\/asmdcyclisme.fr\/wp-content\/uploads\/2022\/11\/cropped-logoAsmdMsd-scaled-1.jpg","contentUrl":"https:\/\/asmdcyclisme.fr\/wp-content\/uploads\/2022\/11\/cropped-logoAsmdMsd-scaled-1.jpg","width":711,"height":250,"caption":"ASMD Cyclisme"},"image":{"@id":"https:\/\/asmdcyclisme.fr\/#\/schema\/logo\/image\/"},"sameAs":["https:\/\/www.facebook.com\/ASMESNILSTDENIS"]}]}},"_links":{"self":[{"href":"https:\/\/asmdcyclisme.fr\/index.php\/wp-json\/wp\/v2\/pages\/243","targetHints":{"allow":["GET"]}}],"collection":[{"href":"https:\/\/asmdcyclisme.fr\/index.php\/wp-json\/wp\/v2\/pages"}],"about":[{"href":"https:\/\/asmdcyclisme.fr\/index.php\/wp-json\/wp\/v2\/types\/page"}],"author":[{"embeddable":true,"href":"https:\/\/asmdcyclisme.fr\/index.php\/wp-json\/wp\/v2\/users\/1"}],"replies":[{"embeddable":true,"href":"https:\/\/asmdcyclisme.fr\/index.php\/wp-json\/wp\/v2\/comments?post=243"}],"version-history":[{"count":6,"href":"https:\/\/asmdcyclisme.fr\/index.php\/wp-json\/wp\/v2\/pages\/243\/revisions"}],"predecessor-version":[{"id":678,"href":"https:\/\/asmdcyclisme.fr\/index.php\/wp-json\/wp\/v2\/pages\/243\/revisions\/678"}],"wp:attachment":[{"href":"https:\/\/asmdcyclisme.fr\/index.php\/wp-json\/wp\/v2\/media?parent=243"}],"curies":[{"name":"wp","href":"https:\/\/api.w.org\/{rel}","templated":true}]}}