{"id":261,"date":"2022-11-10T20:19:27","date_gmt":"2022-11-10T19:19:27","guid":{"rendered":"https:\/\/asmdcyclisme.fr\/?page_id=261"},"modified":"2022-11-16T11:28:09","modified_gmt":"2022-11-16T10:28:09","slug":"vie-du-club","status":"publish","type":"page","link":"https:\/\/asmdcyclisme.fr\/index.php\/vie-du-club\/","title":{"rendered":"Vie du club"},"content":{"rendered":"<h1>Derniers articles:<\/h1>\n<ul class=\"display-posts-listing\"><li class=\"listing-item\"><a class=\"image\" href=\"https:\/\/asmdcyclisme.fr\/index.php\/2025\/10\/25\/roc-dazur-2025\/\"><img decoding=\"async\" width=\"150\" height=\"150\" data-src=\"https:\/\/asmdcyclisme.fr\/wp-content\/uploads\/2025\/10\/IMG_2970-150x150.jpg\" class=\"attachment-thumbnail size-thumbnail wp-post-image lazyload\" alt=\"\" data-srcset=\"https:\/\/asmdcyclisme.fr\/wp-content\/uploads\/2025\/10\/IMG_2970-150x150.jpg 150w, https:\/\/asmdcyclisme.fr\/wp-content\/uploads\/2025\/10\/IMG_2970-100x100.jpg 100w\" data-sizes=\"(max-width: 150px) 100vw, 150px\" src=\"data:image\/svg+xml;base64,PHN2ZyB3aWR0aD0iMSIgaGVpZ2h0PSIxIiB4bWxucz0iaHR0cDovL3d3dy53My5vcmcvMjAwMC9zdmciPjwvc3ZnPg==\" style=\"--smush-placeholder-width: 150px; --smush-placeholder-aspect-ratio: 150\/150;\" \/><\/a> <a class=\"title\" href=\"https:\/\/asmdcyclisme.fr\/index.php\/2025\/10\/25\/roc-dazur-2025\/\">Roc d&rsquo;Azur 2025<\/a> <span class=\"excerpt-dash\">-<\/span> <span class=\"excerpt\">De tr\u00e8s bonnes conditions encore cette ann\u00e9e pour le Roc. Participants : Pascal, Thierry, Adrien et Fred. Vendredi le Roc Marathon , plus de 100km et 3000d+. Vagues de d\u00e9part de 200 personnes ce qui a permis de rouler tranquille sur le parcours (presque trop, quelques moments de solitude &#8230;). Les nombreux rocs ne nous [&hellip;]<\/span><\/li><li class=\"listing-item\"><a class=\"image\" href=\"https:\/\/asmdcyclisme.fr\/index.php\/2025\/08\/04\/activite-gravel\/\"><img decoding=\"async\" width=\"150\" height=\"150\" data-src=\"https:\/\/asmdcyclisme.fr\/wp-content\/uploads\/2025\/08\/Gravel-150x150.jpg\" class=\"attachment-thumbnail size-thumbnail wp-post-image lazyload\" alt=\"\" data-srcset=\"https:\/\/asmdcyclisme.fr\/wp-content\/uploads\/2025\/08\/Gravel-150x150.jpg 150w, https:\/\/asmdcyclisme.fr\/wp-content\/uploads\/2025\/08\/Gravel-100x100.jpg 100w\" data-sizes=\"(max-width: 150px) 100vw, 150px\" src=\"data:image\/svg+xml;base64,PHN2ZyB3aWR0aD0iMSIgaGVpZ2h0PSIxIiB4bWxucz0iaHR0cDovL3d3dy53My5vcmcvMjAwMC9zdmciPjwvc3ZnPg==\" style=\"--smush-placeholder-width: 150px; --smush-placeholder-aspect-ratio: 150\/150;\" \/><\/a> <a class=\"title\" href=\"https:\/\/asmdcyclisme.fr\/index.php\/2025\/08\/04\/activite-gravel\/\">Activit\u00e9 Gravel<\/a> <span class=\"excerpt-dash\">-<\/span> <span class=\"excerpt\">Cette ann\u00e9e, le club club va encore \u00e9largir son spectre d&rsquo;activit\u00e9 avec \u2026 Des sorties Gravel. Elles auront lieu le Samedi Matin de 10h \u00e0 12h, d\u00e9part sur le parking de la poste A bient\u00f4t ! &nbsp;<\/span><\/li><li class=\"listing-item\"><a class=\"image\" href=\"https:\/\/asmdcyclisme.fr\/index.php\/2025\/07\/16\/une-belle-collection-de-place-de-second\/\"><img decoding=\"async\" width=\"150\" height=\"150\" data-src=\"https:\/\/asmdcyclisme.fr\/wp-content\/uploads\/2025\/07\/RolandFsgt2025-150x150.jpeg\" class=\"attachment-thumbnail size-thumbnail wp-post-image lazyload\" alt=\"\" data-srcset=\"https:\/\/asmdcyclisme.fr\/wp-content\/uploads\/2025\/07\/RolandFsgt2025-150x150.jpeg 150w, https:\/\/asmdcyclisme.fr\/wp-content\/uploads\/2025\/07\/RolandFsgt2025-100x100.jpeg 100w\" data-sizes=\"(max-width: 150px) 100vw, 150px\" src=\"data:image\/svg+xml;base64,PHN2ZyB3aWR0aD0iMSIgaGVpZ2h0PSIxIiB4bWxucz0iaHR0cDovL3d3dy53My5vcmcvMjAwMC9zdmciPjwvc3ZnPg==\" style=\"--smush-placeholder-width: 150px; --smush-placeholder-aspect-ratio: 150\/150;\" \/><\/a> <a class=\"title\" href=\"https:\/\/asmdcyclisme.fr\/index.php\/2025\/07\/16\/une-belle-collection-de-place-de-second\/\">Une belle collection de place de second<\/a> <span class=\"excerpt-dash\">-<\/span> <span class=\"excerpt\">Bravo Roland, vice champion FSGT IDF en route, contre la montre et piste !<\/span><\/li><li class=\"listing-item\"><a class=\"image\" href=\"https:\/\/asmdcyclisme.fr\/index.php\/2025\/05\/21\/les-vttistes-en-suisse-normande\/\"><img decoding=\"async\" width=\"150\" height=\"150\" data-src=\"https:\/\/asmdcyclisme.fr\/wp-content\/uploads\/2025\/05\/IMG_1934-150x150.jpeg\" class=\"attachment-thumbnail size-thumbnail wp-post-image lazyload\" alt=\"\" data-srcset=\"https:\/\/asmdcyclisme.fr\/wp-content\/uploads\/2025\/05\/IMG_1934-150x150.jpeg 150w, https:\/\/asmdcyclisme.fr\/wp-content\/uploads\/2025\/05\/IMG_1934-100x100.jpeg 100w\" data-sizes=\"(max-width: 150px) 100vw, 150px\" src=\"data:image\/svg+xml;base64,PHN2ZyB3aWR0aD0iMSIgaGVpZ2h0PSIxIiB4bWxucz0iaHR0cDovL3d3dy53My5vcmcvMjAwMC9zdmciPjwvc3ZnPg==\" style=\"--smush-placeholder-width: 150px; --smush-placeholder-aspect-ratio: 150\/150;\" \/><\/a> <a class=\"title\" href=\"https:\/\/asmdcyclisme.fr\/index.php\/2025\/05\/21\/les-vttistes-en-suisse-normande\/\">Les v\u00e9t\u00e9tistes en Suisse &#8230; Normande<\/a> <span class=\"excerpt-dash\">-<\/span> <span class=\"excerpt\">Le Week-end du 18 au 19 mai, 9 v\u00e9t\u00e9tistes du club se sont rendus \u00e0 Cl\u00e9cy. Un journ\u00e9e au Nord vers Thury Harcourt, puis une autre au sud (la pr\u00e9f\u00e9r\u00e9e de tous) jusqu&rsquo;\u00e0 la roche d&rsquo;Oetre. Parcours vari\u00e9s, gastronomie et beau temps au rendez-vous.<\/span><\/li><li class=\"listing-item\"><a class=\"image\" href=\"https:\/\/asmdcyclisme.fr\/index.php\/2024\/11\/22\/repas-club\/\"><img decoding=\"async\" width=\"150\" height=\"150\" data-src=\"https:\/\/asmdcyclisme.fr\/wp-content\/uploads\/2024\/11\/IMG_1125-150x150.jpg\" class=\"attachment-thumbnail size-thumbnail wp-post-image lazyload\" alt=\"\" data-srcset=\"https:\/\/asmdcyclisme.fr\/wp-content\/uploads\/2024\/11\/IMG_1125-150x150.jpg 150w, https:\/\/asmdcyclisme.fr\/wp-content\/uploads\/2024\/11\/IMG_1125-100x100.jpg 100w\" data-sizes=\"(max-width: 150px) 100vw, 150px\" src=\"data:image\/svg+xml;base64,PHN2ZyB3aWR0aD0iMSIgaGVpZ2h0PSIxIiB4bWxucz0iaHR0cDovL3d3dy53My5vcmcvMjAwMC9zdmciPjwvc3ZnPg==\" style=\"--smush-placeholder-width: 150px; --smush-placeholder-aspect-ratio: 150\/150;\" \/><\/a> <a class=\"title\" href=\"https:\/\/asmdcyclisme.fr\/index.php\/2024\/11\/22\/repas-club\/\">Repas club<\/a> <span class=\"excerpt-dash\">-<\/span> <span class=\"excerpt\">Agr\u00e9able soir\u00e9e au ch\u00eane Pendragon<\/span><\/li><li class=\"listing-item\"><a class=\"image\" href=\"https:\/\/asmdcyclisme.fr\/index.php\/2024\/08\/30\/forum-le-samedi-7-septembre\/\"><img decoding=\"async\" width=\"150\" height=\"150\" data-src=\"https:\/\/asmdcyclisme.fr\/wp-content\/uploads\/2024\/08\/Forum-150x150.png\" class=\"attachment-thumbnail size-thumbnail wp-post-image lazyload\" alt=\"\" data-srcset=\"https:\/\/asmdcyclisme.fr\/wp-content\/uploads\/2024\/08\/Forum-150x150.png 150w, https:\/\/asmdcyclisme.fr\/wp-content\/uploads\/2024\/08\/Forum-100x100.png 100w\" data-sizes=\"(max-width: 150px) 100vw, 150px\" src=\"data:image\/svg+xml;base64,PHN2ZyB3aWR0aD0iMSIgaGVpZ2h0PSIxIiB4bWxucz0iaHR0cDovL3d3dy53My5vcmcvMjAwMC9zdmciPjwvc3ZnPg==\" style=\"--smush-placeholder-width: 150px; --smush-placeholder-aspect-ratio: 150\/150;\" \/><\/a> <a class=\"title\" href=\"https:\/\/asmdcyclisme.fr\/index.php\/2024\/08\/30\/forum-le-samedi-7-septembre\/\">Forum le Samedi 7 Septembre<\/a> <span class=\"excerpt-dash\">-<\/span> <span class=\"excerpt\">Au plaisir de vous voir sur le forum. Pour les r\u00e9inscriptions, c&rsquo;est possible aussi par ici : https:\/\/asmdcyclisme.fr\/index.php\/nous-rejoindre\/<\/span><\/li><li class=\"listing-item\"><a class=\"image\" href=\"https:\/\/asmdcyclisme.fr\/index.php\/2024\/07\/17\/bonnes-vacances\/\"><img decoding=\"async\" width=\"150\" height=\"150\" data-src=\"https:\/\/asmdcyclisme.fr\/wp-content\/uploads\/2024\/07\/20240704_125506-150x150.jpg\" class=\"attachment-thumbnail size-thumbnail wp-post-image lazyload\" alt=\"\" data-srcset=\"https:\/\/asmdcyclisme.fr\/wp-content\/uploads\/2024\/07\/20240704_125506-150x150.jpg 150w, https:\/\/asmdcyclisme.fr\/wp-content\/uploads\/2024\/07\/20240704_125506-100x100.jpg 100w\" data-sizes=\"(max-width: 150px) 100vw, 150px\" src=\"data:image\/svg+xml;base64,PHN2ZyB3aWR0aD0iMSIgaGVpZ2h0PSIxIiB4bWxucz0iaHR0cDovL3d3dy53My5vcmcvMjAwMC9zdmciPjwvc3ZnPg==\" style=\"--smush-placeholder-width: 150px; --smush-placeholder-aspect-ratio: 150\/150;\" \/><\/a> <a class=\"title\" href=\"https:\/\/asmdcyclisme.fr\/index.php\/2024\/07\/17\/bonnes-vacances\/\">Bonnes vacances !!!<\/a> <span class=\"excerpt-dash\">-<\/span> <span class=\"excerpt\">Cet \u00e9t\u00e9 les cyclistes route et VTT continuent de rouler aux horaires habituels (Dimanche 8h30 route 9h VTT, parking de la poste). Le forum ASMD se tiendra le Samedi 7 septembre. Ne pas h\u00e9siter \u00e0 nous contacter pour venir faire une sortie pour tester. &nbsp; &nbsp;<\/span><\/li><li class=\"listing-item\"><a class=\"image\" href=\"https:\/\/asmdcyclisme.fr\/index.php\/2024\/05\/12\/week-end-en-bourgogne-route\/\"><img decoding=\"async\" width=\"150\" height=\"150\" data-src=\"https:\/\/asmdcyclisme.fr\/wp-content\/uploads\/2024\/05\/IMG_0166-150x150.jpg\" class=\"attachment-thumbnail size-thumbnail wp-post-image lazyload\" alt=\"\" data-srcset=\"https:\/\/asmdcyclisme.fr\/wp-content\/uploads\/2024\/05\/IMG_0166-150x150.jpg 150w, https:\/\/asmdcyclisme.fr\/wp-content\/uploads\/2024\/05\/IMG_0166-100x100.jpg 100w\" data-sizes=\"(max-width: 150px) 100vw, 150px\" src=\"data:image\/svg+xml;base64,PHN2ZyB3aWR0aD0iMSIgaGVpZ2h0PSIxIiB4bWxucz0iaHR0cDovL3d3dy53My5vcmcvMjAwMC9zdmciPjwvc3ZnPg==\" style=\"--smush-placeholder-width: 150px; --smush-placeholder-aspect-ratio: 150\/150;\" \/><\/a> <a class=\"title\" href=\"https:\/\/asmdcyclisme.fr\/index.php\/2024\/05\/12\/week-end-en-bourgogne-route\/\">Week End en Bourgogne Route<\/a> <span class=\"excerpt-dash\">-<\/span> <span class=\"excerpt\">Tr\u00e8s beau Week-End Route cette Ann\u00e9e. Jean Claude, Jean Luc Bruno et Fred ont particip\u00e9s a ce Week-End. Notre Base \u00e9tait situ\u00e9e \u00e0 Chagny au sud de Meursault. J1- Apr\u00e8s &#8211; midi : Autour de la vall\u00e9e de l&rsquo;ouche + Col de Bessey en Chaume (entre 70k\u00a0 et 100km selon les groupes, puis trajet jusqu&rsquo;au [&hellip;]<\/span><\/li><li class=\"listing-item\"><a class=\"image\" href=\"https:\/\/asmdcyclisme.fr\/index.php\/2024\/04\/07\/photos-asmd\/\"><img decoding=\"async\" width=\"150\" height=\"150\" data-src=\"https:\/\/asmdcyclisme.fr\/wp-content\/uploads\/2024\/04\/2B5A7097-150x150.jpg\" class=\"attachment-thumbnail size-thumbnail wp-post-image lazyload\" alt=\"\" data-srcset=\"https:\/\/asmdcyclisme.fr\/wp-content\/uploads\/2024\/04\/2B5A7097-150x150.jpg 150w, https:\/\/asmdcyclisme.fr\/wp-content\/uploads\/2024\/04\/2B5A7097-100x100.jpg 100w\" data-sizes=\"(max-width: 150px) 100vw, 150px\" src=\"data:image\/svg+xml;base64,PHN2ZyB3aWR0aD0iMSIgaGVpZ2h0PSIxIiB4bWxucz0iaHR0cDovL3d3dy53My5vcmcvMjAwMC9zdmciPjwvc3ZnPg==\" style=\"--smush-placeholder-width: 150px; --smush-placeholder-aspect-ratio: 150\/150;\" \/><\/a> <a class=\"title\" href=\"https:\/\/asmdcyclisme.fr\/index.php\/2024\/04\/07\/photos-asmd\/\">Photos ASMD<\/a> <span class=\"excerpt-dash\">-<\/span> <span class=\"excerpt\">Merci \u00e0 Marie No\u00eblle notre photographe ainsi qu&rsquo;aux cyclistes qui ont pu se rendre disponibles avec la tenue du club ce dimanche.<\/span><\/li><li class=\"listing-item\"><a class=\"image\" href=\"https:\/\/asmdcyclisme.fr\/index.php\/2024\/02\/10\/un-tamalou-sur-eurosport\/\"><img decoding=\"async\" width=\"150\" height=\"150\" data-src=\"https:\/\/asmdcyclisme.fr\/wp-content\/uploads\/2024\/02\/RolandEurosport-150x150.jpg\" class=\"attachment-thumbnail size-thumbnail wp-post-image lazyload\" alt=\"\" data-srcset=\"https:\/\/asmdcyclisme.fr\/wp-content\/uploads\/2024\/02\/RolandEurosport-150x150.jpg 150w, https:\/\/asmdcyclisme.fr\/wp-content\/uploads\/2024\/02\/RolandEurosport-100x100.jpg 100w\" data-sizes=\"(max-width: 150px) 100vw, 150px\" src=\"data:image\/svg+xml;base64,PHN2ZyB3aWR0aD0iMSIgaGVpZ2h0PSIxIiB4bWxucz0iaHR0cDovL3d3dy53My5vcmcvMjAwMC9zdmciPjwvc3ZnPg==\" style=\"--smush-placeholder-width: 150px; --smush-placeholder-aspect-ratio: 150\/150;\" \/><\/a> <a class=\"title\" href=\"https:\/\/asmdcyclisme.fr\/index.php\/2024\/02\/10\/un-tamalou-sur-eurosport\/\">Un &lsquo;Tamalou&rsquo; sur Eurosport<\/a> <span class=\"excerpt-dash\">-<\/span> <span class=\"excerpt\">Bravo a Roland pour son d\u00e9vouement lors des derniers championnats de France au v\u00e9lodrome de SQY !!!<\/span><\/li><\/ul>\n<p>&nbsp;<\/p>\n<h1>Le tour de Bretagne<br \/>\n<img decoding=\"async\" class=\"alignnone wp-image-381 size-large lazyload\" data-src=\"https:\/\/asmdcyclisme.fr\/wp-content\/uploads\/2022\/11\/TourDeBretagne-1024x614.jpg\" alt=\"\" width=\"525\" height=\"315\" data-srcset=\"https:\/\/asmdcyclisme.fr\/wp-content\/uploads\/2022\/11\/TourDeBretagne-1024x614.jpg 1024w, https:\/\/asmdcyclisme.fr\/wp-content\/uploads\/2022\/11\/TourDeBretagne-300x180.jpg 300w, https:\/\/asmdcyclisme.fr\/wp-content\/uploads\/2022\/11\/TourDeBretagne-768x460.jpg 768w, https:\/\/asmdcyclisme.fr\/wp-content\/uploads\/2022\/11\/TourDeBretagne.jpg 1238w\" data-sizes=\"(max-width: 525px) 100vw, 525px\" src=\"data:image\/svg+xml;base64,PHN2ZyB3aWR0aD0iMSIgaGVpZ2h0PSIxIiB4bWxucz0iaHR0cDovL3d3dy53My5vcmcvMjAwMC9zdmciPjwvc3ZnPg==\" style=\"--smush-placeholder-width: 525px; --smush-placeholder-aspect-ratio: 525\/315;\" \/><\/h1>\n<p>Profitant d&rsquo;une belle matin\u00e9e ensoleill\u00e9e !!!! voici un compte rendu de notre \u00e9pop\u00e9e en Bretagne qui se d\u00e9roulait du 14 au 16 mai.<\/p>\n<p>Situation g\u00e9ographique : Erdeven (\u00e0 30 kms au sud de Lorient)<br \/>\nParticipation ASMD : 23 personnes dont 7 marcheuses, 1 marcheur et 15 cyclistes.<br \/>\nLogement : tous log\u00e9s au camping de Kerzh\u00e9ro (tr\u00e8s bien)<br \/>\nPour les cyclistes nous \u00e9tions r\u00e9partis en 2 groupes : 2 dans un groupe \u00e0 la moyenne de 30km\/H et les 13 autres dans un groupe, plus 6 cyclistes de renault Sandouville, \u00e0 la moyenne de 25km\/h.<br \/>\nLe principe : chaque groupe, men\u00e9 par un ou plusieurs r\u00e9gulateurs, avait un circuit et une distance diff\u00e9rents chaque jour, signal\u00e9s par des fl\u00e8ches de couleur diff\u00e9rente.<\/p>\n<p>Pour les marcheurs, la totalit\u00e9 des marches repr\u00e9sentait 45 km. Chaque marcheur pouvait effectuer la distance qu&rsquo;il souhaitait, en fonction de ses envies mais aussi de la forme du moment. Une sortie vers Quiberon, avec pique-nique, fut tr\u00e8s appr\u00e9ci\u00e9e.<br \/>\nLes parcours cyclistes avaient pour objectif la d\u00e9couverte de la r\u00e9gion. En particulier, un circuit allant vers Quiberon par la c\u00f4te sauvage fut tr\u00e8s appr\u00e9ci\u00e9 de tous. La chance \u00e9tait avec nous, pas de vent, pas de pluie et belle vue sur la mer. On n&rsquo;imagine pas la m\u00eame sortie avec un vent \u00e0 60km\/h plus la pluie en prime, il y aurait eu de la perte en ligne !!!!!.<br \/>\nD&rsquo;autres circuits nous proposaient la d\u00e9couverte d&rsquo;Auray (Saint Goustan \u00e0 voir) et St Anne d&rsquo;Auray avec lors de notre passage la surprise d&rsquo;entendre la messe dans toute la ville.<\/p>\n<p>Concernant les circuits, ce ne fut pas toujours simple. Pour preuve, lors de la premi\u00e8re \u00e9tape, notre groupe s&rsquo;est permis d&rsquo;effectuer 15 kms suppl\u00e9mentaire suite \u00e0 une erreur d&rsquo;aiguillage. Certains diront que c&rsquo;est \u00e0 cause du r\u00e9gulateur (devinez qui !!!) mais \u00e0 priori nous n&rsquo;avons pas \u00e9t\u00e9 les seuls. C&rsquo;\u00e9tait un peu le \u00ab\u00a0sauve qui peut\u00a0\u00bb, plusieurs groupes se croisant puis se d\u00e9croisant, ceci permis au moins de mettre l&rsquo;ambiance dans le groupe.<\/p>\n<p>Pour les membres de l&rsquo;ASMD tout s&rsquo;est d\u00e9roul\u00e9 dans de bonnes conditions, aucun \u00e9v\u00e8nement particulier \u00e0 signaler (pas de chute, pas de crevaison, pas d&rsquo;incident m\u00e9canique).<\/p>\n<p>Je ne terminerai pas mon propos sans :<br \/>\navoir une pens\u00e9e pour Fran\u00e7oise et Patrick qui ont d\u00fb laisser leur voiture \u00e0 Laval \u00e0 l&rsquo;aller (c&rsquo;est une Renault !!!!), moteur HS. Pour le retour, il a fallut composer pour ramener tout le monde \u00e0 la maison, v\u00e9lo d&rsquo;un c\u00f4t\u00e9, quelques bagages d&rsquo;un c\u00f4t\u00e9 et d&rsquo;autres de l&rsquo;autre, plus le couple. Aux derni\u00e8res nouvelles tout le monde est rentr\u00e9 \u00e0 bon port, ce qui est l&rsquo;essentiel.<br \/>\nremercier le groupe de Sandouville avec qui nous avons partag\u00e9 un bon moment de convivialit\u00e9 et de camaraderie.<\/p>\n<p>Ce fut de l&rsquo;avis de tous une belle r\u00e9ussite. Nous verrons pour la prochaine \u00e9dition (dans 2 ans), l&rsquo;organisateur ne l&rsquo;ayant pas confirm\u00e9.<\/p>\n<p>Francis<\/p>\n","protected":false},"excerpt":{"rendered":"<p>Derniers articles: &nbsp; Le tour de Bretagne Profitant d&rsquo;une belle matin\u00e9e ensoleill\u00e9e !!!! voici un compte rendu de notre \u00e9pop\u00e9e en Bretagne qui se d\u00e9roulait du 14 au 16 mai. Situation g\u00e9ographique : Erdeven (\u00e0 30 kms au sud de Lorient) Participation ASMD : 23 personnes dont 7 marcheuses, 1 marcheur et 15 cyclistes. Logement [&hellip;]<\/p>\n","protected":false},"author":1,"featured_media":0,"parent":0,"menu_order":0,"comment_status":"closed","ping_status":"closed","template":"","meta":{"footnotes":""},"class_list":["post-261","page","type-page","status-publish","hentry"],"yoast_head":"<!-- This site is optimized with the Yoast SEO plugin v27.3 - https:\/\/yoast.com\/product\/yoast-seo-wordpress\/ -->\n<title>Vie du club - ASMD Cyclisme<\/title>\n<meta name=\"robots\" content=\"index, follow, max-snippet:-1, max-image-preview:large, max-video-preview:-1\" \/>\n<link rel=\"canonical\" href=\"https:\/\/asmdcyclisme.fr\/index.php\/vie-du-club\/\" \/>\n<meta property=\"og:locale\" content=\"fr_FR\" \/>\n<meta property=\"og:type\" content=\"article\" \/>\n<meta property=\"og:title\" content=\"Vie du club - ASMD Cyclisme\" \/>\n<meta property=\"og:description\" content=\"Derniers articles: &nbsp; Le tour de Bretagne Profitant d&rsquo;une belle matin\u00e9e ensoleill\u00e9e !!!! voici un compte rendu de notre \u00e9pop\u00e9e en Bretagne qui se d\u00e9roulait du 14 au 16 mai. Situation g\u00e9ographique : Erdeven (\u00e0 30 kms au sud de Lorient) Participation ASMD : 23 personnes dont 7 marcheuses, 1 marcheur et 15 cyclistes. Logement [&hellip;]\" \/>\n<meta property=\"og:url\" content=\"https:\/\/asmdcyclisme.fr\/index.php\/vie-du-club\/\" \/>\n<meta property=\"og:site_name\" content=\"ASMD Cyclisme\" \/>\n<meta property=\"article:publisher\" content=\"https:\/\/www.facebook.com\/ASMESNILSTDENIS\" \/>\n<meta property=\"article:modified_time\" content=\"2022-11-16T10:28:09+00:00\" \/>\n<meta property=\"og:image\" content=\"https:\/\/asmdcyclisme.fr\/wp-content\/uploads\/2022\/11\/TourDeBretagne-1024x614.jpg\" \/>\n<meta name=\"twitter:card\" content=\"summary_large_image\" \/>\n<meta name=\"twitter:label1\" content=\"Dur\u00e9e de lecture estim\u00e9e\" \/>\n\t<meta name=\"twitter:data1\" content=\"3 minutes\" \/>\n<script type=\"application\/ld+json\" class=\"yoast-schema-graph\">{\"@context\":\"https:\\\/\\\/schema.org\",\"@graph\":[{\"@type\":\"WebPage\",\"@id\":\"https:\\\/\\\/asmdcyclisme.fr\\\/index.php\\\/vie-du-club\\\/\",\"url\":\"https:\\\/\\\/asmdcyclisme.fr\\\/index.php\\\/vie-du-club\\\/\",\"name\":\"Vie du club - ASMD Cyclisme\",\"isPartOf\":{\"@id\":\"https:\\\/\\\/asmdcyclisme.fr\\\/#website\"},\"primaryImageOfPage\":{\"@id\":\"https:\\\/\\\/asmdcyclisme.fr\\\/index.php\\\/vie-du-club\\\/#primaryimage\"},\"image\":{\"@id\":\"https:\\\/\\\/asmdcyclisme.fr\\\/index.php\\\/vie-du-club\\\/#primaryimage\"},\"thumbnailUrl\":\"https:\\\/\\\/asmdcyclisme.fr\\\/wp-content\\\/uploads\\\/2022\\\/11\\\/TourDeBretagne-1024x614.jpg\",\"datePublished\":\"2022-11-10T19:19:27+00:00\",\"dateModified\":\"2022-11-16T10:28:09+00:00\",\"breadcrumb\":{\"@id\":\"https:\\\/\\\/asmdcyclisme.fr\\\/index.php\\\/vie-du-club\\\/#breadcrumb\"},\"inLanguage\":\"fr-FR\",\"potentialAction\":[{\"@type\":\"ReadAction\",\"target\":[\"https:\\\/\\\/asmdcyclisme.fr\\\/index.php\\\/vie-du-club\\\/\"]}]},{\"@type\":\"ImageObject\",\"inLanguage\":\"fr-FR\",\"@id\":\"https:\\\/\\\/asmdcyclisme.fr\\\/index.php\\\/vie-du-club\\\/#primaryimage\",\"url\":\"https:\\\/\\\/asmdcyclisme.fr\\\/wp-content\\\/uploads\\\/2022\\\/11\\\/TourDeBretagne.jpg\",\"contentUrl\":\"https:\\\/\\\/asmdcyclisme.fr\\\/wp-content\\\/uploads\\\/2022\\\/11\\\/TourDeBretagne.jpg\",\"width\":1238,\"height\":742},{\"@type\":\"BreadcrumbList\",\"@id\":\"https:\\\/\\\/asmdcyclisme.fr\\\/index.php\\\/vie-du-club\\\/#breadcrumb\",\"itemListElement\":[{\"@type\":\"ListItem\",\"position\":1,\"name\":\"Accueil\",\"item\":\"https:\\\/\\\/asmdcyclisme.fr\\\/\"},{\"@type\":\"ListItem\",\"position\":2,\"name\":\"Vie du club\"}]},{\"@type\":\"WebSite\",\"@id\":\"https:\\\/\\\/asmdcyclisme.fr\\\/#website\",\"url\":\"https:\\\/\\\/asmdcyclisme.fr\\\/\",\"name\":\"ASMD Cyclisme\",\"description\":\"Le club de cyclisme du Mesnil Saint Denis\",\"publisher\":{\"@id\":\"https:\\\/\\\/asmdcyclisme.fr\\\/#organization\"},\"potentialAction\":[{\"@type\":\"SearchAction\",\"target\":{\"@type\":\"EntryPoint\",\"urlTemplate\":\"https:\\\/\\\/asmdcyclisme.fr\\\/?s={search_term_string}\"},\"query-input\":{\"@type\":\"PropertyValueSpecification\",\"valueRequired\":true,\"valueName\":\"search_term_string\"}}],\"inLanguage\":\"fr-FR\"},{\"@type\":\"Organization\",\"@id\":\"https:\\\/\\\/asmdcyclisme.fr\\\/#organization\",\"name\":\"ASMD Cyclisme\",\"url\":\"https:\\\/\\\/asmdcyclisme.fr\\\/\",\"logo\":{\"@type\":\"ImageObject\",\"inLanguage\":\"fr-FR\",\"@id\":\"https:\\\/\\\/asmdcyclisme.fr\\\/#\\\/schema\\\/logo\\\/image\\\/\",\"url\":\"https:\\\/\\\/asmdcyclisme.fr\\\/wp-content\\\/uploads\\\/2022\\\/11\\\/cropped-logoAsmdMsd-scaled-1.jpg\",\"contentUrl\":\"https:\\\/\\\/asmdcyclisme.fr\\\/wp-content\\\/uploads\\\/2022\\\/11\\\/cropped-logoAsmdMsd-scaled-1.jpg\",\"width\":711,\"height\":250,\"caption\":\"ASMD Cyclisme\"},\"image\":{\"@id\":\"https:\\\/\\\/asmdcyclisme.fr\\\/#\\\/schema\\\/logo\\\/image\\\/\"},\"sameAs\":[\"https:\\\/\\\/www.facebook.com\\\/ASMESNILSTDENIS\"]}]}<\/script>\n<!-- \/ Yoast SEO plugin. -->","yoast_head_json":{"title":"Vie du club - ASMD Cyclisme","robots":{"index":"index","follow":"follow","max-snippet":"max-snippet:-1","max-image-preview":"max-image-preview:large","max-video-preview":"max-video-preview:-1"},"canonical":"https:\/\/asmdcyclisme.fr\/index.php\/vie-du-club\/","og_locale":"fr_FR","og_type":"article","og_title":"Vie du club - ASMD Cyclisme","og_description":"Derniers articles: &nbsp; Le tour de Bretagne Profitant d&rsquo;une belle matin\u00e9e ensoleill\u00e9e !!!! voici un compte rendu de notre \u00e9pop\u00e9e en Bretagne qui se d\u00e9roulait du 14 au 16 mai. Situation g\u00e9ographique : Erdeven (\u00e0 30 kms au sud de Lorient) Participation ASMD : 23 personnes dont 7 marcheuses, 1 marcheur et 15 cyclistes. Logement [&hellip;]","og_url":"https:\/\/asmdcyclisme.fr\/index.php\/vie-du-club\/","og_site_name":"ASMD Cyclisme","article_publisher":"https:\/\/www.facebook.com\/ASMESNILSTDENIS","article_modified_time":"2022-11-16T10:28:09+00:00","og_image":[{"url":"https:\/\/asmdcyclisme.fr\/wp-content\/uploads\/2022\/11\/TourDeBretagne-1024x614.jpg","type":"","width":"","height":""}],"twitter_card":"summary_large_image","twitter_misc":{"Dur\u00e9e de lecture estim\u00e9e":"3 minutes"},"schema":{"@context":"https:\/\/schema.org","@graph":[{"@type":"WebPage","@id":"https:\/\/asmdcyclisme.fr\/index.php\/vie-du-club\/","url":"https:\/\/asmdcyclisme.fr\/index.php\/vie-du-club\/","name":"Vie du club - ASMD Cyclisme","isPartOf":{"@id":"https:\/\/asmdcyclisme.fr\/#website"},"primaryImageOfPage":{"@id":"https:\/\/asmdcyclisme.fr\/index.php\/vie-du-club\/#primaryimage"},"image":{"@id":"https:\/\/asmdcyclisme.fr\/index.php\/vie-du-club\/#primaryimage"},"thumbnailUrl":"https:\/\/asmdcyclisme.fr\/wp-content\/uploads\/2022\/11\/TourDeBretagne-1024x614.jpg","datePublished":"2022-11-10T19:19:27+00:00","dateModified":"2022-11-16T10:28:09+00:00","breadcrumb":{"@id":"https:\/\/asmdcyclisme.fr\/index.php\/vie-du-club\/#breadcrumb"},"inLanguage":"fr-FR","potentialAction":[{"@type":"ReadAction","target":["https:\/\/asmdcyclisme.fr\/index.php\/vie-du-club\/"]}]},{"@type":"ImageObject","inLanguage":"fr-FR","@id":"https:\/\/asmdcyclisme.fr\/index.php\/vie-du-club\/#primaryimage","url":"https:\/\/asmdcyclisme.fr\/wp-content\/uploads\/2022\/11\/TourDeBretagne.jpg","contentUrl":"https:\/\/asmdcyclisme.fr\/wp-content\/uploads\/2022\/11\/TourDeBretagne.jpg","width":1238,"height":742},{"@type":"BreadcrumbList","@id":"https:\/\/asmdcyclisme.fr\/index.php\/vie-du-club\/#breadcrumb","itemListElement":[{"@type":"ListItem","position":1,"name":"Accueil","item":"https:\/\/asmdcyclisme.fr\/"},{"@type":"ListItem","position":2,"name":"Vie du club"}]},{"@type":"WebSite","@id":"https:\/\/asmdcyclisme.fr\/#website","url":"https:\/\/asmdcyclisme.fr\/","name":"ASMD Cyclisme","description":"Le club de cyclisme du Mesnil Saint Denis","publisher":{"@id":"https:\/\/asmdcyclisme.fr\/#organization"},"potentialAction":[{"@type":"SearchAction","target":{"@type":"EntryPoint","urlTemplate":"https:\/\/asmdcyclisme.fr\/?s={search_term_string}"},"query-input":{"@type":"PropertyValueSpecification","valueRequired":true,"valueName":"search_term_string"}}],"inLanguage":"fr-FR"},{"@type":"Organization","@id":"https:\/\/asmdcyclisme.fr\/#organization","name":"ASMD Cyclisme","url":"https:\/\/asmdcyclisme.fr\/","logo":{"@type":"ImageObject","inLanguage":"fr-FR","@id":"https:\/\/asmdcyclisme.fr\/#\/schema\/logo\/image\/","url":"https:\/\/asmdcyclisme.fr\/wp-content\/uploads\/2022\/11\/cropped-logoAsmdMsd-scaled-1.jpg","contentUrl":"https:\/\/asmdcyclisme.fr\/wp-content\/uploads\/2022\/11\/cropped-logoAsmdMsd-scaled-1.jpg","width":711,"height":250,"caption":"ASMD Cyclisme"},"image":{"@id":"https:\/\/asmdcyclisme.fr\/#\/schema\/logo\/image\/"},"sameAs":["https:\/\/www.facebook.com\/ASMESNILSTDENIS"]}]}},"_links":{"self":[{"href":"https:\/\/asmdcyclisme.fr\/index.php\/wp-json\/wp\/v2\/pages\/261","targetHints":{"allow":["GET"]}}],"collection":[{"href":"https:\/\/asmdcyclisme.fr\/index.php\/wp-json\/wp\/v2\/pages"}],"about":[{"href":"https:\/\/asmdcyclisme.fr\/index.php\/wp-json\/wp\/v2\/types\/page"}],"author":[{"embeddable":true,"href":"https:\/\/asmdcyclisme.fr\/index.php\/wp-json\/wp\/v2\/users\/1"}],"replies":[{"embeddable":true,"href":"https:\/\/asmdcyclisme.fr\/index.php\/wp-json\/wp\/v2\/comments?post=261"}],"version-history":[{"count":12,"href":"https:\/\/asmdcyclisme.fr\/index.php\/wp-json\/wp\/v2\/pages\/261\/revisions"}],"predecessor-version":[{"id":386,"href":"https:\/\/asmdcyclisme.fr\/index.php\/wp-json\/wp\/v2\/pages\/261\/revisions\/386"}],"wp:attachment":[{"href":"https:\/\/asmdcyclisme.fr\/index.php\/wp-json\/wp\/v2\/media?parent=261"}],"curies":[{"name":"wp","href":"https:\/\/api.w.org\/{rel}","templated":true}]}}