{"id":27,"date":"2022-11-06T18:45:40","date_gmt":"2022-11-06T17:45:40","guid":{"rendered":"https:\/\/asmdcyclisme.fr\/?page_id=27"},"modified":"2022-11-26T17:39:07","modified_gmt":"2022-11-26T16:39:07","slug":"petite-histoire-du-club","status":"publish","type":"page","link":"https:\/\/asmdcyclisme.fr\/index.php\/petite-histoire-du-club\/","title":{"rendered":"Le club"},"content":{"rendered":"\r\n<div class=\"wp-block-media-text alignwide is-stacked-on-mobile\">\r\n<figure class=\"wp-block-media-text__media\"><img decoding=\"async\" width=\"850\" height=\"638\" class=\"wp-image-180 size-full lazyload\" data-src=\"https:\/\/asmdcyclisme.fr\/wp-content\/uploads\/2022\/11\/Route-2.jpg\" alt=\"\" data-srcset=\"https:\/\/asmdcyclisme.fr\/wp-content\/uploads\/2022\/11\/Route-2.jpg 850w, https:\/\/asmdcyclisme.fr\/wp-content\/uploads\/2022\/11\/Route-2-300x225.jpg 300w, https:\/\/asmdcyclisme.fr\/wp-content\/uploads\/2022\/11\/Route-2-768x576.jpg 768w\" data-sizes=\"(max-width: 850px) 100vw, 850px\" src=\"data:image\/svg+xml;base64,PHN2ZyB3aWR0aD0iMSIgaGVpZ2h0PSIxIiB4bWxucz0iaHR0cDovL3d3dy53My5vcmcvMjAwMC9zdmciPjwvc3ZnPg==\" style=\"--smush-placeholder-width: 850px; --smush-placeholder-aspect-ratio: 850\/638;\" \/><\/figure>\r\n<div class=\"wp-block-media-text__content\">\r\n<p><strong>Vous aimez la route ?<\/strong><br \/>Nous sommes 30 cyclistes r\u00e9partis dans 3 groupes de niveaux et effectuons des sorties les mardis, jeudis et dimanches. Les parcours sont diversifi\u00e9s et sillonnent la vall\u00e9e de Chevreuse. Du randonneur loisir au coureur qui souhaite se pr\u00e9senter \u00e0 l&rsquo;\u00e9tape du tour, vous trouverez chaussure \u00e0 votre pied.<\/p>\r\n<\/div>\r\n<\/div>\r\n\r\n\r\n\r\n<div class=\"wp-block-media-text alignwide is-stacked-on-mobile\">\r\n<figure class=\"wp-block-media-text__media\"><img decoding=\"async\" width=\"775\" height=\"739\" class=\"wp-image-182 size-full lazyload\" data-src=\"https:\/\/asmdcyclisme.fr\/wp-content\/uploads\/2022\/11\/Vtt-1.jpg\" alt=\"\" data-srcset=\"https:\/\/asmdcyclisme.fr\/wp-content\/uploads\/2022\/11\/Vtt-1.jpg 775w, https:\/\/asmdcyclisme.fr\/wp-content\/uploads\/2022\/11\/Vtt-1-300x286.jpg 300w, https:\/\/asmdcyclisme.fr\/wp-content\/uploads\/2022\/11\/Vtt-1-768x732.jpg 768w\" data-sizes=\"(max-width: 775px) 100vw, 775px\" src=\"data:image\/svg+xml;base64,PHN2ZyB3aWR0aD0iMSIgaGVpZ2h0PSIxIiB4bWxucz0iaHR0cDovL3d3dy53My5vcmcvMjAwMC9zdmciPjwvc3ZnPg==\" style=\"--smush-placeholder-width: 775px; --smush-placeholder-aspect-ratio: 775\/739;\" \/><\/figure>\r\n<div class=\"wp-block-media-text__content\">\r\n<p><strong>Les sentiers ?<\/strong><br \/>La section VTT est faite pour vous, compos\u00e9e d&rsquo;une dizaine de randonneurs, avec elle les singles de la r\u00e9gion n&rsquo;auront plus de secret pour vous. Nous effectuons \u00e9galement des sorties dans d&rsquo;autres massifs alpins, m\u00e9diterran\u00e9ens<\/p>\r\n<\/div>\r\n<\/div>\r\n\r\n\r\n\r\n<div class=\"wp-block-media-text alignwide is-stacked-on-mobile\">\r\n<figure class=\"wp-block-media-text__media\"><img decoding=\"async\" width=\"835\" height=\"1024\" class=\"wp-image-184 size-full lazyload\" data-src=\"https:\/\/asmdcyclisme.fr\/wp-content\/uploads\/2022\/11\/CycloCross-2-835x1024.jpg\" alt=\"\" data-srcset=\"https:\/\/asmdcyclisme.fr\/wp-content\/uploads\/2022\/11\/CycloCross-2-835x1024.jpg 835w, https:\/\/asmdcyclisme.fr\/wp-content\/uploads\/2022\/11\/CycloCross-2-245x300.jpg 245w, https:\/\/asmdcyclisme.fr\/wp-content\/uploads\/2022\/11\/CycloCross-2-768x942.jpg 768w, https:\/\/asmdcyclisme.fr\/wp-content\/uploads\/2022\/11\/CycloCross-2-1252x1536.jpg 1252w, https:\/\/asmdcyclisme.fr\/wp-content\/uploads\/2022\/11\/CycloCross-2-1669x2048.jpg 1669w\" data-sizes=\"(max-width: 835px) 100vw, 835px\" src=\"data:image\/svg+xml;base64,PHN2ZyB3aWR0aD0iMSIgaGVpZ2h0PSIxIiB4bWxucz0iaHR0cDovL3d3dy53My5vcmcvMjAwMC9zdmciPjwvc3ZnPg==\" style=\"--smush-placeholder-width: 835px; --smush-placeholder-aspect-ratio: 835\/1024;\" \/><\/figure>\r\n<div class=\"wp-block-media-text__content\">\r\n<p><strong>Et pourquoi pas la course \u2026<\/strong><br \/>Sur route ou en cyclocross nous participons aux \u00e9v\u00e8nements FSGT de la r\u00e9gion avec de nombreux podiums.<\/p>\r\n<\/div>\r\n<\/div>\r\n\r\n\r\n\r\n<p>&nbsp;<\/p>\r\n\r\n\r\n<hr class=\"wp-block-separator has-alpha-channel-opacity\" \/>\r\n\r\n\r\n<h2 class=\"wp-block-heading\">Et si vous aimez tout, pas de probl\u00e8me. L&rsquo;adh\u00e9sion au club permet de participer aux 3 activit\u00e9s !<\/h2>\r\n\r\n\r\n","protected":false},"excerpt":{"rendered":"<p>Vous aimez la route ?Nous sommes 30 cyclistes r\u00e9partis dans 3 groupes de niveaux et effectuons des sorties les mardis, jeudis et dimanches. Les parcours sont diversifi\u00e9s et sillonnent la vall\u00e9e de Chevreuse. Du randonneur loisir au coureur qui souhaite se pr\u00e9senter \u00e0 l&rsquo;\u00e9tape du tour, vous trouverez chaussure \u00e0 votre pied. Les sentiers ?La [&hellip;]<\/p>\n","protected":false},"author":1,"featured_media":0,"parent":0,"menu_order":0,"comment_status":"closed","ping_status":"closed","template":"","meta":{"footnotes":""},"class_list":["post-27","page","type-page","status-publish","hentry"],"yoast_head":"<!-- This site is optimized with the Yoast SEO plugin v27.3 - https:\/\/yoast.com\/product\/yoast-seo-wordpress\/ -->\n<title>Le club - ASMD Cyclisme<\/title>\n<meta name=\"robots\" content=\"index, follow, max-snippet:-1, max-image-preview:large, max-video-preview:-1\" \/>\n<link rel=\"canonical\" href=\"https:\/\/asmdcyclisme.fr\/index.php\/petite-histoire-du-club\/\" \/>\n<meta property=\"og:locale\" content=\"fr_FR\" \/>\n<meta property=\"og:type\" content=\"article\" \/>\n<meta property=\"og:title\" content=\"Le club - ASMD Cyclisme\" \/>\n<meta property=\"og:description\" content=\"Vous aimez la route ?Nous sommes 30 cyclistes r\u00e9partis dans 3 groupes de niveaux et effectuons des sorties les mardis, jeudis et dimanches. Les parcours sont diversifi\u00e9s et sillonnent la vall\u00e9e de Chevreuse. Du randonneur loisir au coureur qui souhaite se pr\u00e9senter \u00e0 l&rsquo;\u00e9tape du tour, vous trouverez chaussure \u00e0 votre pied. Les sentiers ?La [&hellip;]\" \/>\n<meta property=\"og:url\" content=\"https:\/\/asmdcyclisme.fr\/index.php\/petite-histoire-du-club\/\" \/>\n<meta property=\"og:site_name\" content=\"ASMD Cyclisme\" \/>\n<meta property=\"article:publisher\" content=\"https:\/\/www.facebook.com\/ASMESNILSTDENIS\" \/>\n<meta property=\"article:modified_time\" content=\"2022-11-26T16:39:07+00:00\" \/>\n<meta property=\"og:image\" content=\"https:\/\/asmdcyclisme.fr\/wp-content\/uploads\/2022\/11\/Route-2.jpg\" \/>\n<meta name=\"twitter:card\" content=\"summary_large_image\" \/>\n<meta name=\"twitter:label1\" content=\"Dur\u00e9e de lecture estim\u00e9e\" \/>\n\t<meta name=\"twitter:data1\" content=\"2 minutes\" \/>\n<script type=\"application\/ld+json\" class=\"yoast-schema-graph\">{\"@context\":\"https:\\\/\\\/schema.org\",\"@graph\":[{\"@type\":\"WebPage\",\"@id\":\"https:\\\/\\\/asmdcyclisme.fr\\\/index.php\\\/petite-histoire-du-club\\\/\",\"url\":\"https:\\\/\\\/asmdcyclisme.fr\\\/index.php\\\/petite-histoire-du-club\\\/\",\"name\":\"Le club - ASMD Cyclisme\",\"isPartOf\":{\"@id\":\"https:\\\/\\\/asmdcyclisme.fr\\\/#website\"},\"primaryImageOfPage\":{\"@id\":\"https:\\\/\\\/asmdcyclisme.fr\\\/index.php\\\/petite-histoire-du-club\\\/#primaryimage\"},\"image\":{\"@id\":\"https:\\\/\\\/asmdcyclisme.fr\\\/index.php\\\/petite-histoire-du-club\\\/#primaryimage\"},\"thumbnailUrl\":\"https:\\\/\\\/asmdcyclisme.fr\\\/wp-content\\\/uploads\\\/2022\\\/11\\\/Route-2.jpg\",\"datePublished\":\"2022-11-06T17:45:40+00:00\",\"dateModified\":\"2022-11-26T16:39:07+00:00\",\"breadcrumb\":{\"@id\":\"https:\\\/\\\/asmdcyclisme.fr\\\/index.php\\\/petite-histoire-du-club\\\/#breadcrumb\"},\"inLanguage\":\"fr-FR\",\"potentialAction\":[{\"@type\":\"ReadAction\",\"target\":[\"https:\\\/\\\/asmdcyclisme.fr\\\/index.php\\\/petite-histoire-du-club\\\/\"]}]},{\"@type\":\"ImageObject\",\"inLanguage\":\"fr-FR\",\"@id\":\"https:\\\/\\\/asmdcyclisme.fr\\\/index.php\\\/petite-histoire-du-club\\\/#primaryimage\",\"url\":\"https:\\\/\\\/asmdcyclisme.fr\\\/wp-content\\\/uploads\\\/2022\\\/11\\\/Route-2.jpg\",\"contentUrl\":\"https:\\\/\\\/asmdcyclisme.fr\\\/wp-content\\\/uploads\\\/2022\\\/11\\\/Route-2.jpg\",\"width\":850,\"height\":638},{\"@type\":\"BreadcrumbList\",\"@id\":\"https:\\\/\\\/asmdcyclisme.fr\\\/index.php\\\/petite-histoire-du-club\\\/#breadcrumb\",\"itemListElement\":[{\"@type\":\"ListItem\",\"position\":1,\"name\":\"Accueil\",\"item\":\"https:\\\/\\\/asmdcyclisme.fr\\\/\"},{\"@type\":\"ListItem\",\"position\":2,\"name\":\"Le club\"}]},{\"@type\":\"WebSite\",\"@id\":\"https:\\\/\\\/asmdcyclisme.fr\\\/#website\",\"url\":\"https:\\\/\\\/asmdcyclisme.fr\\\/\",\"name\":\"ASMD Cyclisme\",\"description\":\"Le club de cyclisme du Mesnil Saint Denis\",\"publisher\":{\"@id\":\"https:\\\/\\\/asmdcyclisme.fr\\\/#organization\"},\"potentialAction\":[{\"@type\":\"SearchAction\",\"target\":{\"@type\":\"EntryPoint\",\"urlTemplate\":\"https:\\\/\\\/asmdcyclisme.fr\\\/?s={search_term_string}\"},\"query-input\":{\"@type\":\"PropertyValueSpecification\",\"valueRequired\":true,\"valueName\":\"search_term_string\"}}],\"inLanguage\":\"fr-FR\"},{\"@type\":\"Organization\",\"@id\":\"https:\\\/\\\/asmdcyclisme.fr\\\/#organization\",\"name\":\"ASMD Cyclisme\",\"url\":\"https:\\\/\\\/asmdcyclisme.fr\\\/\",\"logo\":{\"@type\":\"ImageObject\",\"inLanguage\":\"fr-FR\",\"@id\":\"https:\\\/\\\/asmdcyclisme.fr\\\/#\\\/schema\\\/logo\\\/image\\\/\",\"url\":\"https:\\\/\\\/asmdcyclisme.fr\\\/wp-content\\\/uploads\\\/2022\\\/11\\\/cropped-logoAsmdMsd-scaled-1.jpg\",\"contentUrl\":\"https:\\\/\\\/asmdcyclisme.fr\\\/wp-content\\\/uploads\\\/2022\\\/11\\\/cropped-logoAsmdMsd-scaled-1.jpg\",\"width\":711,\"height\":250,\"caption\":\"ASMD Cyclisme\"},\"image\":{\"@id\":\"https:\\\/\\\/asmdcyclisme.fr\\\/#\\\/schema\\\/logo\\\/image\\\/\"},\"sameAs\":[\"https:\\\/\\\/www.facebook.com\\\/ASMESNILSTDENIS\"]}]}<\/script>\n<!-- \/ Yoast SEO plugin. -->","yoast_head_json":{"title":"Le club - ASMD Cyclisme","robots":{"index":"index","follow":"follow","max-snippet":"max-snippet:-1","max-image-preview":"max-image-preview:large","max-video-preview":"max-video-preview:-1"},"canonical":"https:\/\/asmdcyclisme.fr\/index.php\/petite-histoire-du-club\/","og_locale":"fr_FR","og_type":"article","og_title":"Le club - ASMD Cyclisme","og_description":"Vous aimez la route ?Nous sommes 30 cyclistes r\u00e9partis dans 3 groupes de niveaux et effectuons des sorties les mardis, jeudis et dimanches. Les parcours sont diversifi\u00e9s et sillonnent la vall\u00e9e de Chevreuse. Du randonneur loisir au coureur qui souhaite se pr\u00e9senter \u00e0 l&rsquo;\u00e9tape du tour, vous trouverez chaussure \u00e0 votre pied. Les sentiers ?La [&hellip;]","og_url":"https:\/\/asmdcyclisme.fr\/index.php\/petite-histoire-du-club\/","og_site_name":"ASMD Cyclisme","article_publisher":"https:\/\/www.facebook.com\/ASMESNILSTDENIS","article_modified_time":"2022-11-26T16:39:07+00:00","og_image":[{"url":"https:\/\/asmdcyclisme.fr\/wp-content\/uploads\/2022\/11\/Route-2.jpg","type":"","width":"","height":""}],"twitter_card":"summary_large_image","twitter_misc":{"Dur\u00e9e de lecture estim\u00e9e":"2 minutes"},"schema":{"@context":"https:\/\/schema.org","@graph":[{"@type":"WebPage","@id":"https:\/\/asmdcyclisme.fr\/index.php\/petite-histoire-du-club\/","url":"https:\/\/asmdcyclisme.fr\/index.php\/petite-histoire-du-club\/","name":"Le club - ASMD Cyclisme","isPartOf":{"@id":"https:\/\/asmdcyclisme.fr\/#website"},"primaryImageOfPage":{"@id":"https:\/\/asmdcyclisme.fr\/index.php\/petite-histoire-du-club\/#primaryimage"},"image":{"@id":"https:\/\/asmdcyclisme.fr\/index.php\/petite-histoire-du-club\/#primaryimage"},"thumbnailUrl":"https:\/\/asmdcyclisme.fr\/wp-content\/uploads\/2022\/11\/Route-2.jpg","datePublished":"2022-11-06T17:45:40+00:00","dateModified":"2022-11-26T16:39:07+00:00","breadcrumb":{"@id":"https:\/\/asmdcyclisme.fr\/index.php\/petite-histoire-du-club\/#breadcrumb"},"inLanguage":"fr-FR","potentialAction":[{"@type":"ReadAction","target":["https:\/\/asmdcyclisme.fr\/index.php\/petite-histoire-du-club\/"]}]},{"@type":"ImageObject","inLanguage":"fr-FR","@id":"https:\/\/asmdcyclisme.fr\/index.php\/petite-histoire-du-club\/#primaryimage","url":"https:\/\/asmdcyclisme.fr\/wp-content\/uploads\/2022\/11\/Route-2.jpg","contentUrl":"https:\/\/asmdcyclisme.fr\/wp-content\/uploads\/2022\/11\/Route-2.jpg","width":850,"height":638},{"@type":"BreadcrumbList","@id":"https:\/\/asmdcyclisme.fr\/index.php\/petite-histoire-du-club\/#breadcrumb","itemListElement":[{"@type":"ListItem","position":1,"name":"Accueil","item":"https:\/\/asmdcyclisme.fr\/"},{"@type":"ListItem","position":2,"name":"Le club"}]},{"@type":"WebSite","@id":"https:\/\/asmdcyclisme.fr\/#website","url":"https:\/\/asmdcyclisme.fr\/","name":"ASMD Cyclisme","description":"Le club de cyclisme du Mesnil Saint Denis","publisher":{"@id":"https:\/\/asmdcyclisme.fr\/#organization"},"potentialAction":[{"@type":"SearchAction","target":{"@type":"EntryPoint","urlTemplate":"https:\/\/asmdcyclisme.fr\/?s={search_term_string}"},"query-input":{"@type":"PropertyValueSpecification","valueRequired":true,"valueName":"search_term_string"}}],"inLanguage":"fr-FR"},{"@type":"Organization","@id":"https:\/\/asmdcyclisme.fr\/#organization","name":"ASMD Cyclisme","url":"https:\/\/asmdcyclisme.fr\/","logo":{"@type":"ImageObject","inLanguage":"fr-FR","@id":"https:\/\/asmdcyclisme.fr\/#\/schema\/logo\/image\/","url":"https:\/\/asmdcyclisme.fr\/wp-content\/uploads\/2022\/11\/cropped-logoAsmdMsd-scaled-1.jpg","contentUrl":"https:\/\/asmdcyclisme.fr\/wp-content\/uploads\/2022\/11\/cropped-logoAsmdMsd-scaled-1.jpg","width":711,"height":250,"caption":"ASMD Cyclisme"},"image":{"@id":"https:\/\/asmdcyclisme.fr\/#\/schema\/logo\/image\/"},"sameAs":["https:\/\/www.facebook.com\/ASMESNILSTDENIS"]}]}},"_links":{"self":[{"href":"https:\/\/asmdcyclisme.fr\/index.php\/wp-json\/wp\/v2\/pages\/27","targetHints":{"allow":["GET"]}}],"collection":[{"href":"https:\/\/asmdcyclisme.fr\/index.php\/wp-json\/wp\/v2\/pages"}],"about":[{"href":"https:\/\/asmdcyclisme.fr\/index.php\/wp-json\/wp\/v2\/types\/page"}],"author":[{"embeddable":true,"href":"https:\/\/asmdcyclisme.fr\/index.php\/wp-json\/wp\/v2\/users\/1"}],"replies":[{"embeddable":true,"href":"https:\/\/asmdcyclisme.fr\/index.php\/wp-json\/wp\/v2\/comments?post=27"}],"version-history":[{"count":19,"href":"https:\/\/asmdcyclisme.fr\/index.php\/wp-json\/wp\/v2\/pages\/27\/revisions"}],"predecessor-version":[{"id":410,"href":"https:\/\/asmdcyclisme.fr\/index.php\/wp-json\/wp\/v2\/pages\/27\/revisions\/410"}],"wp:attachment":[{"href":"https:\/\/asmdcyclisme.fr\/index.php\/wp-json\/wp\/v2\/media?parent=27"}],"curies":[{"name":"wp","href":"https:\/\/api.w.org\/{rel}","templated":true}]}}