{"id":313,"date":"2022-11-11T17:11:19","date_gmt":"2022-11-11T16:11:19","guid":{"rendered":"https:\/\/asmdcyclisme.fr\/?page_id=313"},"modified":"2022-11-11T17:48:10","modified_gmt":"2022-11-11T16:48:10","slug":"les-parcours-vtt","status":"publish","type":"page","link":"https:\/\/asmdcyclisme.fr\/index.php\/les-parcours-vtt\/","title":{"rendered":"Les parcours VTT"},"content":{"rendered":"\n<h2 class=\"wp-block-heading\">Quelques exemples de parcours<\/h2>\n\n\n\n<p>Contrairement a la route, les parcours se font au fil de l&rsquo;eau tous les dimanche en fonction du groupe (forme, p\u00e9pins m\u00e9caniques, m\u00e9t\u00e9o).<\/p>\n\n\n\n<table id=\"tablepress-4\" class=\"tablepress tablepress-id-4\">\n<thead>\n<tr class=\"row-1\">\n\t<th class=\"column-1\">Distance (km)<\/th><th class=\"column-2\">D\u00e9nivel\u00e9<\/th><th class=\"column-3\">Destination<\/th><th class=\"column-4\">Lien<\/th>\n<\/tr>\n<\/thead>\n<tbody class=\"row-striping row-hover\">\n<tr class=\"row-2\">\n\t<td class=\"column-1\">51<\/td><td class=\"column-2\">780<\/td><td class=\"column-3\">Jouy-En-Josas<\/td><td class=\"column-4\"><a href=\"https:\/\/www.openrunner.com\/route-details\/15832001\" rel=\"noopener\" target=\"_blank\">Lien Openrunner<\/a><\/td>\n<\/tr>\n<tr class=\"row-3\">\n\t<td class=\"column-1\">40<\/td><td class=\"column-2\">600<\/td><td class=\"column-3\">Vaux de Cernay<\/td><td class=\"column-4\"><a href=\"https:\/\/www.openrunner.com\/route-details\/15832135\" rel=\"noopener\" target=\"_blank\">Lien Openrunner<\/a><\/td>\n<\/tr>\n<tr class=\"row-4\">\n\t<td class=\"column-1\">60<\/td><td class=\"column-2\">680<\/td><td class=\"column-3\">Bulion<\/td><td class=\"column-4\"><a href=\"https:\/\/www.openrunner.com\/route-details\/15832926\">Lien Openrunner<\/a><\/td>\n<\/tr>\n<tr class=\"row-5\">\n\t<td class=\"column-1\">30<\/td><td class=\"column-2\">422<\/td><td class=\"column-3\">Ch\u00e2teaufort<\/td><td class=\"column-4\"><a href=\"https:\/\/www.openrunner.com\/route-details\/15827514\" rel=\"noopener\" target=\"_blank\">Lien Openrunner<\/a><\/td>\n<\/tr>\n<\/tbody>\n<\/table>\n\n","protected":false},"excerpt":{"rendered":"<p>Quelques exemples de parcours Contrairement a la route, les parcours se font au fil de l&rsquo;eau tous les dimanche en fonction du groupe (forme, p\u00e9pins m\u00e9caniques, m\u00e9t\u00e9o).<\/p>\n","protected":false},"author":1,"featured_media":0,"parent":0,"menu_order":0,"comment_status":"closed","ping_status":"closed","template":"","meta":{"footnotes":""},"class_list":["post-313","page","type-page","status-publish","hentry"],"yoast_head":"<!-- This site is optimized with the Yoast SEO plugin v27.3 - https:\/\/yoast.com\/product\/yoast-seo-wordpress\/ -->\n<title>Les parcours VTT - ASMD Cyclisme<\/title>\n<meta name=\"robots\" content=\"index, follow, max-snippet:-1, max-image-preview:large, max-video-preview:-1\" \/>\n<link rel=\"canonical\" href=\"https:\/\/asmdcyclisme.fr\/index.php\/les-parcours-vtt\/\" \/>\n<meta property=\"og:locale\" content=\"fr_FR\" \/>\n<meta property=\"og:type\" content=\"article\" \/>\n<meta property=\"og:title\" content=\"Les parcours VTT - ASMD Cyclisme\" \/>\n<meta property=\"og:description\" content=\"Quelques exemples de parcours Contrairement a la route, les parcours se font au fil de l&rsquo;eau tous les dimanche en fonction du groupe (forme, p\u00e9pins m\u00e9caniques, m\u00e9t\u00e9o).\" \/>\n<meta property=\"og:url\" content=\"https:\/\/asmdcyclisme.fr\/index.php\/les-parcours-vtt\/\" \/>\n<meta property=\"og:site_name\" content=\"ASMD Cyclisme\" \/>\n<meta property=\"article:publisher\" content=\"https:\/\/www.facebook.com\/ASMESNILSTDENIS\" \/>\n<meta property=\"article:modified_time\" content=\"2022-11-11T16:48:10+00:00\" \/>\n<meta name=\"twitter:card\" content=\"summary_large_image\" \/>\n<script type=\"application\/ld+json\" class=\"yoast-schema-graph\">{\"@context\":\"https:\\\/\\\/schema.org\",\"@graph\":[{\"@type\":\"WebPage\",\"@id\":\"https:\\\/\\\/asmdcyclisme.fr\\\/index.php\\\/les-parcours-vtt\\\/\",\"url\":\"https:\\\/\\\/asmdcyclisme.fr\\\/index.php\\\/les-parcours-vtt\\\/\",\"name\":\"Les parcours VTT - ASMD Cyclisme\",\"isPartOf\":{\"@id\":\"https:\\\/\\\/asmdcyclisme.fr\\\/#website\"},\"datePublished\":\"2022-11-11T16:11:19+00:00\",\"dateModified\":\"2022-11-11T16:48:10+00:00\",\"breadcrumb\":{\"@id\":\"https:\\\/\\\/asmdcyclisme.fr\\\/index.php\\\/les-parcours-vtt\\\/#breadcrumb\"},\"inLanguage\":\"fr-FR\",\"potentialAction\":[{\"@type\":\"ReadAction\",\"target\":[\"https:\\\/\\\/asmdcyclisme.fr\\\/index.php\\\/les-parcours-vtt\\\/\"]}]},{\"@type\":\"BreadcrumbList\",\"@id\":\"https:\\\/\\\/asmdcyclisme.fr\\\/index.php\\\/les-parcours-vtt\\\/#breadcrumb\",\"itemListElement\":[{\"@type\":\"ListItem\",\"position\":1,\"name\":\"Accueil\",\"item\":\"https:\\\/\\\/asmdcyclisme.fr\\\/\"},{\"@type\":\"ListItem\",\"position\":2,\"name\":\"Les parcours VTT\"}]},{\"@type\":\"WebSite\",\"@id\":\"https:\\\/\\\/asmdcyclisme.fr\\\/#website\",\"url\":\"https:\\\/\\\/asmdcyclisme.fr\\\/\",\"name\":\"ASMD Cyclisme\",\"description\":\"Le club de cyclisme du Mesnil Saint Denis\",\"publisher\":{\"@id\":\"https:\\\/\\\/asmdcyclisme.fr\\\/#organization\"},\"potentialAction\":[{\"@type\":\"SearchAction\",\"target\":{\"@type\":\"EntryPoint\",\"urlTemplate\":\"https:\\\/\\\/asmdcyclisme.fr\\\/?s={search_term_string}\"},\"query-input\":{\"@type\":\"PropertyValueSpecification\",\"valueRequired\":true,\"valueName\":\"search_term_string\"}}],\"inLanguage\":\"fr-FR\"},{\"@type\":\"Organization\",\"@id\":\"https:\\\/\\\/asmdcyclisme.fr\\\/#organization\",\"name\":\"ASMD Cyclisme\",\"url\":\"https:\\\/\\\/asmdcyclisme.fr\\\/\",\"logo\":{\"@type\":\"ImageObject\",\"inLanguage\":\"fr-FR\",\"@id\":\"https:\\\/\\\/asmdcyclisme.fr\\\/#\\\/schema\\\/logo\\\/image\\\/\",\"url\":\"https:\\\/\\\/asmdcyclisme.fr\\\/wp-content\\\/uploads\\\/2022\\\/11\\\/cropped-logoAsmdMsd-scaled-1.jpg\",\"contentUrl\":\"https:\\\/\\\/asmdcyclisme.fr\\\/wp-content\\\/uploads\\\/2022\\\/11\\\/cropped-logoAsmdMsd-scaled-1.jpg\",\"width\":711,\"height\":250,\"caption\":\"ASMD Cyclisme\"},\"image\":{\"@id\":\"https:\\\/\\\/asmdcyclisme.fr\\\/#\\\/schema\\\/logo\\\/image\\\/\"},\"sameAs\":[\"https:\\\/\\\/www.facebook.com\\\/ASMESNILSTDENIS\"]}]}<\/script>\n<!-- \/ Yoast SEO plugin. -->","yoast_head_json":{"title":"Les parcours VTT - ASMD Cyclisme","robots":{"index":"index","follow":"follow","max-snippet":"max-snippet:-1","max-image-preview":"max-image-preview:large","max-video-preview":"max-video-preview:-1"},"canonical":"https:\/\/asmdcyclisme.fr\/index.php\/les-parcours-vtt\/","og_locale":"fr_FR","og_type":"article","og_title":"Les parcours VTT - ASMD Cyclisme","og_description":"Quelques exemples de parcours Contrairement a la route, les parcours se font au fil de l&rsquo;eau tous les dimanche en fonction du groupe (forme, p\u00e9pins m\u00e9caniques, m\u00e9t\u00e9o).","og_url":"https:\/\/asmdcyclisme.fr\/index.php\/les-parcours-vtt\/","og_site_name":"ASMD Cyclisme","article_publisher":"https:\/\/www.facebook.com\/ASMESNILSTDENIS","article_modified_time":"2022-11-11T16:48:10+00:00","twitter_card":"summary_large_image","schema":{"@context":"https:\/\/schema.org","@graph":[{"@type":"WebPage","@id":"https:\/\/asmdcyclisme.fr\/index.php\/les-parcours-vtt\/","url":"https:\/\/asmdcyclisme.fr\/index.php\/les-parcours-vtt\/","name":"Les parcours VTT - ASMD Cyclisme","isPartOf":{"@id":"https:\/\/asmdcyclisme.fr\/#website"},"datePublished":"2022-11-11T16:11:19+00:00","dateModified":"2022-11-11T16:48:10+00:00","breadcrumb":{"@id":"https:\/\/asmdcyclisme.fr\/index.php\/les-parcours-vtt\/#breadcrumb"},"inLanguage":"fr-FR","potentialAction":[{"@type":"ReadAction","target":["https:\/\/asmdcyclisme.fr\/index.php\/les-parcours-vtt\/"]}]},{"@type":"BreadcrumbList","@id":"https:\/\/asmdcyclisme.fr\/index.php\/les-parcours-vtt\/#breadcrumb","itemListElement":[{"@type":"ListItem","position":1,"name":"Accueil","item":"https:\/\/asmdcyclisme.fr\/"},{"@type":"ListItem","position":2,"name":"Les parcours VTT"}]},{"@type":"WebSite","@id":"https:\/\/asmdcyclisme.fr\/#website","url":"https:\/\/asmdcyclisme.fr\/","name":"ASMD Cyclisme","description":"Le club de cyclisme du Mesnil Saint Denis","publisher":{"@id":"https:\/\/asmdcyclisme.fr\/#organization"},"potentialAction":[{"@type":"SearchAction","target":{"@type":"EntryPoint","urlTemplate":"https:\/\/asmdcyclisme.fr\/?s={search_term_string}"},"query-input":{"@type":"PropertyValueSpecification","valueRequired":true,"valueName":"search_term_string"}}],"inLanguage":"fr-FR"},{"@type":"Organization","@id":"https:\/\/asmdcyclisme.fr\/#organization","name":"ASMD Cyclisme","url":"https:\/\/asmdcyclisme.fr\/","logo":{"@type":"ImageObject","inLanguage":"fr-FR","@id":"https:\/\/asmdcyclisme.fr\/#\/schema\/logo\/image\/","url":"https:\/\/asmdcyclisme.fr\/wp-content\/uploads\/2022\/11\/cropped-logoAsmdMsd-scaled-1.jpg","contentUrl":"https:\/\/asmdcyclisme.fr\/wp-content\/uploads\/2022\/11\/cropped-logoAsmdMsd-scaled-1.jpg","width":711,"height":250,"caption":"ASMD Cyclisme"},"image":{"@id":"https:\/\/asmdcyclisme.fr\/#\/schema\/logo\/image\/"},"sameAs":["https:\/\/www.facebook.com\/ASMESNILSTDENIS"]}]}},"_links":{"self":[{"href":"https:\/\/asmdcyclisme.fr\/index.php\/wp-json\/wp\/v2\/pages\/313","targetHints":{"allow":["GET"]}}],"collection":[{"href":"https:\/\/asmdcyclisme.fr\/index.php\/wp-json\/wp\/v2\/pages"}],"about":[{"href":"https:\/\/asmdcyclisme.fr\/index.php\/wp-json\/wp\/v2\/types\/page"}],"author":[{"embeddable":true,"href":"https:\/\/asmdcyclisme.fr\/index.php\/wp-json\/wp\/v2\/users\/1"}],"replies":[{"embeddable":true,"href":"https:\/\/asmdcyclisme.fr\/index.php\/wp-json\/wp\/v2\/comments?post=313"}],"version-history":[{"count":3,"href":"https:\/\/asmdcyclisme.fr\/index.php\/wp-json\/wp\/v2\/pages\/313\/revisions"}],"predecessor-version":[{"id":327,"href":"https:\/\/asmdcyclisme.fr\/index.php\/wp-json\/wp\/v2\/pages\/313\/revisions\/327"}],"wp:attachment":[{"href":"https:\/\/asmdcyclisme.fr\/index.php\/wp-json\/wp\/v2\/media?parent=313"}],"curies":[{"name":"wp","href":"https:\/\/api.w.org\/{rel}","templated":true}]}}